{"id":1087,"date":"2016-09-01T12:38:13","date_gmt":"2016-09-01T10:38:13","guid":{"rendered":"http:\/\/www.filmring-linz.at\/?page_id=1087"},"modified":"2018-08-21T17:40:28","modified_gmt":"2018-08-21T15:40:28","slug":"slow-west","status":"publish","type":"page","link":"https:\/\/www.filmring-linz.at\/?page_id=1087","title":{"rendered":"Slow West"},"content":{"rendered":"<p><em><div class='content-column one_half'><\/em><\/p>\n<header>\n<hgroup>\n<h2>Slow West<\/h2>\n<h3><a href=\"http:\/\/www.slow-west.de\/\">www.slow-west.de<\/a><\/h3>\n<\/hgroup>\n<\/header>\n<p><strong>Mo, 14. \u2014 Sa, 19.11.2016 | 17:30 Uhr bzw. Sa 15:00 Uhr | City-Kino<\/strong><\/p>\n<p>UK, Neuseeland: 2015; Regie und Drehbuch: John Maclean, Kamera: Robby Ryan, Musik: Jed Kurzel, Schnitt: Roland Gallois, John Gregory, Darsteller: Kodi-Smit-McPhee, Michael Fassbender, Ben Mendelsohn, Caren Pistorius, Rory McCann, 93 Min.OmdUT<\/p>\n<p style=\"text-align: left;\"><\/div><\/p>\n<p><center><div class='content-column one_half last_column'>Trailer:<code><a id=\"69f36b3803f80\" rel=\"wp-video-lightbox\" href=\"https:\/\/www.youtube.com\/watch?v=pFfsTsdJfF8?rel=0&#038;width=640&#038;height=480\" title=\"\"><img decoding=\"async\" src=\"https:\/\/www.filmring-linz.at\/wordpress\/wp-content\/uploads\/2016\/08\/Slow_West.png\" class=\"video_lightbox_anchor_image\" alt=\"\" \/><\/a>    <script>\r\n    \/* <![CDATA[ *\/\r\n    jQuery(document).ready(function($){\r\n        $(function(){\r\n            var width = $(window).innerWidth();\r\n            var setwidth = parseFloat(640);\r\n            var ratio = parseFloat(0.75);\r\n            var height = parseFloat(480);\r\n            var link = 'https:\/\/www.youtube.com\/watch?v=pFfsTsdJfF8?rel=0&amp;width=640&amp;height=480';\r\n            if(width < setwidth)\r\n            {\r\n                height = Math.floor(width * 0.75);\r\n                \/\/console.log(\"device width \"+width+\", set width \"+640+\", ratio \"+0.75+\", new height \"+ height);\r\n                var new_url = wpvl_paramReplace('width', link, width);\r\n                var new_url = wpvl_paramReplace('height', new_url, height);\r\n                $(\"a#69f36b3803f80\").attr('href', new_url);\r\n                \/\/console.log(new_url);\r\n            }\r\n        });\r\n    });\r\n    \/* ]]> *\/\r\n    <\/script><\/code><\/div><div class='clear_column'><\/div><\/center><\/p>\n<hr \/>\n<p><strong>Inhalt:<\/strong><\/p>\n<hr \/>\n<div class='content-column one_fourth'><p><img loading=\"lazy\" decoding=\"async\" class=\"alignnone wp-image-1090 size-full\" src=\"https:\/\/www.filmring-linz.at\/wordpress\/wp-content\/uploads\/2016\/08\/2_Slow_West.png\" alt=\"\u00a9 Thimfilm\" width=\"226\" height=\"150\" srcset=\"https:\/\/www.filmring-linz.at\/wordpress\/wp-content\/uploads\/2016\/08\/2_Slow_West.png 226w, https:\/\/www.filmring-linz.at\/wordpress\/wp-content\/uploads\/2016\/08\/2_Slow_West-150x100.png 150w\" sizes=\"auto, (max-width: 226px) 100vw, 226px\" \/><\/p><\/div><div class='content-column three_fourth last_column'><p>Ein 16-j\u00e4hriger Schotte folgt seiner Jugendliebe ins unzivilisierte Colorado des Jahres 1870 und heuert einen Revolvermann zu seinem Schutz an. Die Suche nach dem M\u00e4dchen und dessen Vater erweist sich zusehends als gef\u00e4hrlicher, da den beiden Kopfgeldj\u00e4ger auf den Fersen sind. Wortkarger Sp\u00e4twestern, der durch seine lakonische Bildsprache beeindruckt. In knappen Szenen konfrontiert das Regiedeb\u00fct jugendliche Ideale mit Geldgier und roher Gewaltt\u00e4tigkeit, ist dabei freilich mehr an einer Entromantisierung des Genres als am Spannungsaufbau interessiert.<br \/><\/div><div class='clear_column'><\/div><\/p>\n<hr \/>\n<p><strong>Der Regisseur:<\/strong><\/p>\n<hr \/>\n<p><div class='content-column one_fourth'><img loading=\"lazy\" decoding=\"async\" class=\"alignnone wp-image-1092 size-full\" src=\"https:\/\/www.filmring-linz.at\/wordpress\/wp-content\/uploads\/2016\/08\/4_Slow_West.png\" alt=\"\u00a9 Thimfilm\" width=\"226\" height=\"150\" srcset=\"https:\/\/www.filmring-linz.at\/wordpress\/wp-content\/uploads\/2016\/08\/4_Slow_West.png 226w, https:\/\/www.filmring-linz.at\/wordpress\/wp-content\/uploads\/2016\/08\/4_Slow_West-150x100.png 150w\" sizes=\"auto, (max-width: 226px) 100vw, 226px\" \/><\/div><div class='content-column three_fourth last_column'><p>John Maclean ist ein schottischer Regisseur, Drehbuchautor und Musiker. Sein Bachelors Degree (BA) machte der vielseitig interessierte K\u00fcnstler in den F\u00e4chern Zeichnen und Malen am heimatlichen Edinburgh College of Art, den Master (MA) erlangte er am renommierten Londoner Royal College of Art. W\u00e4hrend seiner Studien und auch danach nahm er verschiedenste Arbeiten und Jobs an, so \u00fcberstellte er beispielsweise Autos an ihre neuen Besitzer quer durch die USA. Dass er auf diese Weise Land und Leute kennenlernte, soll ihn dann auch zur intensiven Auseinandersetzung mit dem ur-amerikanischen Film-Genre des Westerns bewogen haben.<br \/>\nVon 1997 bis 2004 war Maclean Mitglied der schottischen Indie-Rockband Beta, zwischen 2005 und 2008 machte er Musik in der Band The Aliens. F\u00fcr seine eigenen Bands und auch f\u00fcr jene seines Bruders David Maclean, Django Django, gestaltete er Musikclips und Videos, die der Schauspieler Michael Fassbender zu Gesicht bekam. Eine erste Zusammenarbeit der beiden gab es in dem Kurzfilm <em>Man on a Motorcycle<\/em> im Jahr 2009, eine Freundschaft entwickelte sich, die in der Zusammenarbeit in <em>Slow West<\/em> einen ersten H\u00f6hepunkt fand.<\/p><\/div><div class='clear_column'><\/div><\/p>\n<hr \/>\n<p><strong>Kritikerstimmen:<\/strong><\/p>\n<hr \/>\n<div class='content-column one_fourth'><p><img loading=\"lazy\" decoding=\"async\" class=\"alignnone wp-image-1089 size-full\" src=\"https:\/\/www.filmring-linz.at\/wordpress\/wp-content\/uploads\/2016\/08\/1_Slow_West.png\" alt=\"\u00a9 Thimfilm\" width=\"226\" height=\"150\" srcset=\"https:\/\/www.filmring-linz.at\/wordpress\/wp-content\/uploads\/2016\/08\/1_Slow_West.png 226w, https:\/\/www.filmring-linz.at\/wordpress\/wp-content\/uploads\/2016\/08\/1_Slow_West-150x100.png 150w\" sizes=\"auto, (max-width: 226px) 100vw, 226px\" \/><\/p><\/div><div class='content-column three_fourth last_column'><p>Maclean \u00fcberf\u00fchrt eine lange Ahnengalerie von Vorbildern \u2013 John Ford! Robert Altman! \u2013 in seine ganz eigene Western-Welt. Am st\u00e4rksten beeinflusste ihn der gro\u00dfe Sam Peckinpah (The Wild Bunch), wie das grandiose Finale zeigt. F\u00fcr diese wilde Schie\u00dferei zieht Maclean das Tempo pl\u00f6tzlich an. Aber \u2013 \u00e4hnlich wie bei Peckinpah \u2013 ist der Pulverdampf kein Selbstzweck, keine Pose. Der Schotte setzt den klassischen Shootout nicht als spannungssteigerndes, sondern erz\u00e4hlerisches Mittel ein. Hier finden ganz elegant die verschiedenen Erz\u00e4hlstr\u00e4nge zusammen, und Maclean begn\u00fcgt sich nicht damit, Einschussl\u00f6cher und spritzendes Blut zu zeigen. Die schlimmste Verletzung ist am Ende eine innere.<br \/>\n<em>(Die Zeit online, Oliver Kaever, 27. Juli 2015)<\/em><\/p>\n<p>Macleans kleiner, brillant besetzter Film zeigt mit melancholischer Geste, wie der Westen h\u00f6chstwahrscheinlich wirklich war: Viele europ\u00e4ische Einwanderer kamen, um ihr Gl\u00fcck zu finden; die meisten litten unter bitterer Armut und wurden wunderlich, verr\u00fcckt, kriminell. Oder sie starben einfach, durch Pech und Kugeln, die damals wie heute sehr locker in den Pistolen sa\u00dfen. Wer \u00fcberlebte, musste Ruchlosigkeit lernen, wie Rose, die s\u00fc\u00dfe Angebetete, die sich als kaltbl\u00fctige Sch\u00fctzin erweist.<br \/>\n<em>(Spiegel online, Andreas Borcholte, 30. Juli 2015)<\/em><\/p>\n<p>Gleichzeitig wei\u00df Maclean genau, was er erz\u00e4hlen will und treibt seine Handlung auf ein grandios inszeniertes Finale zu: Schauplatz ist die mitten in einem unwirklich sattgelben, sehr weitem Kornfeld stehende H\u00fctte, in der Rose und ihr Vater Zuflucht gefunden haben. Wie sich Jay und Silas sowie Payne und seine Bande und ein als Priester verkleideter Scharfsch\u00fctze auf unterschiedlichste, haarstr\u00e4ubendste und letztlich blutigste Weise der Bretterbude zu n\u00e4hern versuchen, ist ein meisterliches Set-Piece, feine Hommagen an Leone- und Eastwood-Western inklusive, so viel Reverenz darf sein.<br \/>\n<em>(Spiegel online, Borcholte)\u00a0<\/em><\/p>\n<p>Ein Western also, dessen Au\u00dfenaufnahmen gewiss nicht zuf\u00e4llig an John Ford erinnern. Mehr als das hat Regisseur John Maclean in seinem Deb\u00fctfilm mit den gro\u00dfen Klassikern des Genres nicht gemein. Eher schon ist \u00bbSlow West\u00ab eine wortkarge Dekonstruktion und Entromantisierung der Gattung, mal an den Coen-Br\u00fcdern und an Quentin Tarantino, mal an den Filmen von Budd Boetticher und Monte Hellman orientiert. Maclean beruft sich auch auf Bresson, und man merkt es. Der Film fasziniert durch seine lakonische Bildersprache und die (oft witzige) Knappheit der Dialoge. Maclean war fr\u00fcher ein Mitglied der eklektischen schottischen Folk-Gruppe The Beta Band, f\u00fcr die er mehrere Musikvideos gemacht hat. Au\u00dfer ein paar Kurzfilmen hat er sonst keine praktische Filmerfahrung vorzuweisen. Es geh\u00f6rt deshalb schon eine geh\u00f6rige Portion Chuzpe dazu, sich gleich auf einen Film einzulassen, der ein ganzes Genre auf ein paar Formeln zu reduzieren versucht. Einen philosophischen Unterbau darf man von \u00bbSlow West\u00ab dabei nur mit Ma\u00dfen erwarten. Es gibt auch weder das Adrenalin anstachelnde Actionszenen noch ein Happy End. Was \u00fcbrig bleibt von der jugendlichen Tr\u00e4umerei und Abenteuerlust ist die Konfrontation der Ideale mit einem seelischen \u00d6dland, in dem Geld und Gewaltt\u00e4tigkeit die einzigen Orientierungsmarken sind.<br \/>\n<em>(Filmdienst, Franz Everschor)<\/em><\/p>\n<p>&nbsp;<\/p><\/div><div class='clear_column'><\/div><\/p>\n<hr \/>\n<p><strong>Filmografie:<\/strong><\/p>\n<hr \/>\n<div class='content-column one_fourth'><p><img loading=\"lazy\" decoding=\"async\" class=\"alignnone wp-image-1091 size-full\" src=\"https:\/\/www.filmring-linz.at\/wordpress\/wp-content\/uploads\/2016\/08\/3_Slow_West.png\" alt=\"\u00a9 Thimfilm\" width=\"226\" height=\"150\" srcset=\"https:\/\/www.filmring-linz.at\/wordpress\/wp-content\/uploads\/2016\/08\/3_Slow_West.png 226w, https:\/\/www.filmring-linz.at\/wordpress\/wp-content\/uploads\/2016\/08\/3_Slow_West-150x100.png 150w\" sizes=\"auto, (max-width: 226px) 100vw, 226px\" \/><\/p><\/div><div class='content-column three_fourth last_column'><p>div. Musikvideos<br \/>\nKurzfilme: MAN ON A MOTORCYCLE (2009),\u00a0 PITCH BLACK HEIST (2011)<br \/>\nSpielfilm: SLOW WEST (2015)<\/p><\/div><div class='clear_column'><\/div><\/p>\n<hr \/>\n<p><strong>Auszeichnung:<\/strong><\/p>\n<hr \/>\n<div class='content-column one_fourth'><p><img loading=\"lazy\" decoding=\"async\" class=\"alignnone wp-image-1094 size-full\" src=\"https:\/\/www.filmring-linz.at\/wordpress\/wp-content\/uploads\/2016\/08\/6_Slow_West.png\" alt=\"\u00a9 Thimfilm\" width=\"226\" height=\"150\" srcset=\"https:\/\/www.filmring-linz.at\/wordpress\/wp-content\/uploads\/2016\/08\/6_Slow_West.png 226w, https:\/\/www.filmring-linz.at\/wordpress\/wp-content\/uploads\/2016\/08\/6_Slow_West-150x100.png 150w\" sizes=\"auto, (max-width: 226px) 100vw, 226px\" \/><\/p><\/div><div class='content-column three_fourth last_column'><p>Sundance Film Festival 2015 (World Cinema Jury Prize: Dramatic)<\/p><\/div><div class='clear_column'><\/div><\/p>\n","protected":false},"excerpt":{"rendered":"<p>Inhalt: Der Regisseur: Kritikerstimmen: Filmografie: Auszeichnung:<\/p>\n","protected":false},"author":1,"featured_media":0,"parent":1450,"menu_order":1,"comment_status":"closed","ping_status":"closed","template":"","meta":{"ngg_post_thumbnail":0,"footnotes":""},"class_list":["post-1087","page","type-page","status-publish","hentry"],"_links":{"self":[{"href":"https:\/\/www.filmring-linz.at\/index.php?rest_route=\/wp\/v2\/pages\/1087","targetHints":{"allow":["GET"]}}],"collection":[{"href":"https:\/\/www.filmring-linz.at\/index.php?rest_route=\/wp\/v2\/pages"}],"about":[{"href":"https:\/\/www.filmring-linz.at\/index.php?rest_route=\/wp\/v2\/types\/page"}],"author":[{"embeddable":true,"href":"https:\/\/www.filmring-linz.at\/index.php?rest_route=\/wp\/v2\/users\/1"}],"replies":[{"embeddable":true,"href":"https:\/\/www.filmring-linz.at\/index.php?rest_route=%2Fwp%2Fv2%2Fcomments&post=1087"}],"version-history":[{"count":5,"href":"https:\/\/www.filmring-linz.at\/index.php?rest_route=\/wp\/v2\/pages\/1087\/revisions"}],"predecessor-version":[{"id":1177,"href":"https:\/\/www.filmring-linz.at\/index.php?rest_route=\/wp\/v2\/pages\/1087\/revisions\/1177"}],"up":[{"embeddable":true,"href":"https:\/\/www.filmring-linz.at\/index.php?rest_route=\/wp\/v2\/pages\/1450"}],"wp:attachment":[{"href":"https:\/\/www.filmring-linz.at\/index.php?rest_route=%2Fwp%2Fv2%2Fmedia&parent=1087"}],"curies":[{"name":"wp","href":"https:\/\/api.w.org\/{rel}","templated":true}]}}