{"id":147,"date":"2013-07-09T12:25:28","date_gmt":"2013-07-09T10:25:28","guid":{"rendered":"http:\/\/filmring-linz.at.195-42-120-225.smartconfig.net\/wordpress\/?page_id=147"},"modified":"2014-04-25T19:12:37","modified_gmt":"2014-04-25T17:12:37","slug":"dans-la-maison-in-ihrem-haus","status":"publish","type":"page","link":"https:\/\/www.filmring-linz.at\/?page_id=147","title":{"rendered":"Dans la Maison &#8211; In ihrem Haus"},"content":{"rendered":"<p><em><div class='content-column one_half'><\/em><\/p>\n<header>\n<hgroup>\n<h2>Dans la Maison \u2014 In ihrem\u00a0Haus<\/h2>\n<\/hgroup>\n<\/header>\n<p><strong>Mo, 21. \u2014 Fr, 25.10.2013 | 17:30 Uhr | City-Kino<\/strong><\/p>\n<p>F 2012, Regie: Francois Ozon, Drehbuch: Francois Ozon, nach dem Roman &#8222;Der Junge aus der letzten Reihe&#8220; von Juan Mayorga, K: J\u00e9r\u00f4me Mayorga, S: Laure Gardette, M: Philippe Rombi, Darsteller: Fabrice Luchini, Ernst Umhauer, Emmanuelle Seigner, Kristin Scott Thomas, Jean Francois Balmer, 105 Minuten, OmdUt<em><\/em><\/p>\n<p style=\"text-align: left;\"><\/div><\/p>\n<p><center><div class='content-column one_half last_column'>Trailer:<code><a id=\"69eca39217946\" rel=\"wp-video-lightbox\" href=\"https:\/\/www.youtube.com\/watch?v=4COgxsWwMW8?rel=0&#038;width=640&#038;height=480\" title=\"\"><img decoding=\"async\" src=\"http:\/\/filmring-linz.at.195-42-120-225.smartconfig.net\/wordpress\/wp-content\/uploads\/2013\/07\/940x340_In_ihrem_Haus1-e1373486874113.png\" class=\"video_lightbox_anchor_image\" alt=\"\" \/><\/a>    <script>\r\n    \/* <![CDATA[ *\/\r\n    jQuery(document).ready(function($){\r\n        $(function(){\r\n            var width = $(window).innerWidth();\r\n            var setwidth = parseFloat(640);\r\n            var ratio = parseFloat(0.75);\r\n            var height = parseFloat(480);\r\n            var link = 'https:\/\/www.youtube.com\/watch?v=4COgxsWwMW8?rel=0&amp;width=640&amp;height=480';\r\n            if(width < setwidth)\r\n            {\r\n                height = Math.floor(width * 0.75);\r\n                \/\/console.log(\"device width \"+width+\", set width \"+640+\", ratio \"+0.75+\", new height \"+ height);\r\n                var new_url = wpvl_paramReplace('width', link, width);\r\n                var new_url = wpvl_paramReplace('height', new_url, height);\r\n                $(\"a#69eca39217946\").attr('href', new_url);\r\n                \/\/console.log(new_url);\r\n            }\r\n        });\r\n    });\r\n    \/* ]]> *\/\r\n    <\/script><\/code><\/div><div class='clear_column'><\/div><\/center><\/p>\n<hr \/>\n<p><strong>Inhalt:<\/strong><\/p>\n<hr \/>\n<p><div class='content-column one_fourth'><a href=\"http:\/\/filmring-linz.at.195-42-120-225.smartconfig.net\/wordpress\/wp-content\/uploads\/2013\/07\/1_In_ihrem_Haus.png\"><img loading=\"lazy\" decoding=\"async\" class=\"alignnone size-full wp-image-136\" alt=\"1_In_ihrem_Haus\" src=\"http:\/\/filmring-linz.at.195-42-120-225.smartconfig.net\/wordpress\/wp-content\/uploads\/2013\/07\/1_In_ihrem_Haus.png\" width=\"226\" height=\"150\" \/><\/a><\/div><div class='content-column three_fourth last_column'><p>Monsieur Germain ist frustriert. Der neue Sch\u00fclerjahrgang ist noch schlechter als alle zuvor, was er nicht f\u00fcr m\u00f6glich gehalten h\u00e4tte. Dar\u00fcber beklagt er sich bei seiner Frau Jeanne, w\u00e4hrend er am K\u00fcchentisch die letzten Hausarbeiten korrigiert. Germain liebt Literatur \u00fcber alles, w\u00e4hrend seine Frau eine Galerie f\u00fcr moderne Kunst leitet.<br \/>\nDa weckt ein Aufsatz sein Interesse, er liest ihn seiner Frau laut vor. W\u00e4hrend die anderen Sch\u00fclerarbeiten nur von Fastfood und Fernsehshows handeln, schildert Claude auf sprachlich geschickte Weise, wie er sich in das Haus seines Mitsch\u00fclers Rapha einschleicht unter dem Vorwand, ihm bei den Mathe-Aufgaben zu helfen. Germains Neugierde ist geweckt, aber auch seine Frau brennt darauf, mehr \u00fcber diese Familie zu erfahren, die so ganz anders lebt als sie selbst und ihr Mann.<br \/>\nGermain beginnt seinen literaturbegabten Sch\u00fcler zu unterrichten, ihm zu erkl\u00e4ren, wie eine Geschichte aufgebaut ist, was ein Spannungsbogen ist. Claude l\u00e4sst sich anspornen, doch in ihrem Eifer l\u00f6sen Lehrer und Sch\u00fcler eine Kette unkontrollierbarer Ereignisse aus&#8230;<\/p><\/div><div class='clear_column'><\/div><\/p>\n<p><strong>Kritikerstimmen:<\/strong><\/p>\n<hr \/>\n<p><div class='content-column one_fourth'><a><img loading=\"lazy\" decoding=\"async\" class=\"size-full wp-image-150 alignleft\" alt=\"4_In_ihrem_Haus\" src=\"http:\/\/filmring-linz.at.195-42-120-225.smartconfig.net\/wordpress\/wp-content\/uploads\/2013\/07\/4_In_ihrem_Haus.png\" width=\"226\" height=\"150\" \/><\/a><\/div><div class='content-column three_fourth last_column'><p>&#8222;Die filmische Wirklichkeit oder das, was man f\u00fcr diese h\u00e4lt, entgleitet immer mehr, bis das Kn\u00e4uel aus Realit\u00e4t und Imagination schlichtweg nicht mehr zu entwirren ist, was das Vergn\u00fcgen aber erst richtig ausmacht. Der Film ist eine Reflexion \u00fcber das Geschichtenerz\u00e4hlen und Filmemachen \u00fcberhaupt, \u00fcber die Manipulation, die mit jeder Form von Erz\u00e4hlung zwangsl\u00e4ufig verbunden ist.&#8220; (Esther Buss, Filmdienst)<\/p>\n<p>&#8222;In ihrem Haus ist erz\u00e4hlerisch eine ziemlich durchtriebene Angelegenheit. Mal an der Oberfl\u00e4che harmlos und nett, dann pl\u00f6tzlich grotesk und b\u00f6se.&#8220; (Birgit Glombitza, epd-film)<\/p>\n<p>&#8222;Ein Erlebnis. Du willst einen Film sehen, setzt dich in die Vorf\u00fchrung und merkst: Es ist eine Verf\u00fchrung. Und zwar eine, die mit offenen Karten vor sich geht: Sieh mal, sagt der Regisseur Francois Ozon mit seinem neuen Film, ich zeige dir beispielhaft, wie das geht, verf\u00fchren. Und dann macht er das, kommentiert es auch noch fortlaufend, und du gehst ihm dennoch auf den Leim. In ihrem Haus ist auch ein Experiment, ein Test: einer, der die Kraft des Kinos, die Macht der Erz\u00e4hlung und des Erz\u00e4hlenden, erprobt.&#8220; (Maximilian Probst, Die Zeit)<\/p><\/div><div class='clear_column'><\/div><\/p>\n<p>&nbsp;<\/p>\n<p><strong>Francois Ozon \u00fcber seinen Film:<\/strong><\/p>\n<hr \/>\n<p><a href=\"http:\/\/filmring-linz.at.195-42-120-225.smartconfig.net\/wordpress\/wp-content\/uploads\/2013\/07\/2_In_ihrem_Haus.png\"><img loading=\"lazy\" decoding=\"async\" class=\"size-full wp-image-148 alignleft\" alt=\"2_In_ihrem_Haus\" src=\"http:\/\/filmring-linz.at.195-42-120-225.smartconfig.net\/wordpress\/wp-content\/uploads\/2013\/07\/2_In_ihrem_Haus.png\" width=\"226\" height=\"150\" \/><\/a>&#8222;Ich war sofort begeistert von der Sch\u00fcler-Lehrer-Beziehung, als ich das St\u00fcck von Juan Mayorga gelesen habe. Wir f\u00fchlen uns mit beiden verbunden, dem Lehrer und dem Sch\u00fcler. Normalerweise lernen Sch\u00fcler von ihren Lehrern, aber hier vollzieht sich das Lernen in beide Richtungen. Die Beziehung von Germain und Claude repr\u00e4sentiert die Quintessenz der Partnerschaft in jedem kreativen Unterfangen: der Herausgeber und der Schreiber, der Produzent und der Regisseur.&#8220;<\/p>\n<p>&nbsp;<\/p>\n<p>&nbsp;<\/p>\n<p>&nbsp;<\/p>\n<p><strong>Der Regisseur Francois Ozon:<\/strong><\/p>\n<hr \/>\n<p><a href=\"http:\/\/filmring-linz.at.195-42-120-225.smartconfig.net\/wordpress\/wp-content\/uploads\/2013\/07\/3_In_ihrem_Haus.png\"><img loading=\"lazy\" decoding=\"async\" class=\"size-full wp-image-149 alignleft\" alt=\"3_In_ihrem_Haus\" src=\"http:\/\/filmring-linz.at.195-42-120-225.smartconfig.net\/wordpress\/wp-content\/uploads\/2013\/07\/3_In_ihrem_Haus.png\" width=\"226\" height=\"150\" \/><\/a>geb.1967 in Paris, Filmhochschule. F\u00fcr Furore sorgte er erstmals auf der Berlinale 2000, wo seine Adaption eines nie aufgef\u00fchrten Fassbinder-St\u00fccks gezeigt wurde: TROPFEN AUF HEISSE STEINE.<br \/>\nMit jedem neuen Film \u00fcberrascht Ozon seine Zuschauer &#8211; nie darf man sicher sein, was einen erwartet. Jeder seiner Filme tr\u00e4gt eine eigene Handschrift. Einige Topoi allerdings kommen fast immer vor, wie die humorvolle Auseinandersetzung mit dem Umgang mit dem Tod oder das Spiel mit Realit\u00e4t und Fiktion.<\/p>\n<p>&nbsp;<\/p>\n<p>&nbsp;<\/p>\n<p><strong>Filmografie:<\/strong><\/p>\n<hr \/>\n<p><div class='content-column one_fourth'><a href=\"http:\/\/filmring-linz.at.195-42-120-225.smartconfig.net\/wordpress\/wp-content\/uploads\/2013\/07\/5_In_ihrem_Haus.png\"><img loading=\"lazy\" decoding=\"async\" class=\"size-full wp-image-151 alignleft\" alt=\"5_In_ihrem_Haus\" src=\"http:\/\/filmring-linz.at.195-42-120-225.smartconfig.net\/wordpress\/wp-content\/uploads\/2013\/07\/5_In_ihrem_Haus.png\" width=\"226\" height=\"150\" \/><\/a><\/div><div class='content-column three_fourth last_column'><p><span style=\"color: #000000;\">1998 Sitcom<\/span><br \/>\n<span style=\"color: #000000;\"> 2000 Tropfen auf hei\u00dfe Steine<\/span><br \/>\n<span style=\"color: #000000;\"> 2001 Unter dem Sand<\/span><br \/>\n<span style=\"color: #000000;\"> 2002 8 Frauen<\/span><br \/>\n<span style=\"color: #000000;\"> 2003 Swimming Pool<\/span><br \/>\n<span style=\"color: #000000;\"> 2004 5&#215;2<\/span><br \/>\n<span style=\"color: #000000;\"> 2005 Die Zeit, die bleibt<\/span><br \/>\n<span style=\"color: #000000;\"> 2007 Angel<\/span><br \/>\n<span style=\"color: #000000;\"> 2008 Ricky<\/span><br \/>\n<span style=\"color: #000000;\"> 2009 R\u00fcckkehr ans Meer<\/span><br \/>\n<span style=\"color: #000000;\"> 2010 Das Schmuckst\u00fcck<\/span><br \/>\n<span style=\"color: #000000;\"> 2012 In ihrem Haus<\/span><\/div><div class='clear_column'><\/div><\/p>\n","protected":false},"excerpt":{"rendered":"<p>Inhalt: Kritikerstimmen: &nbsp; Francois Ozon \u00fcber seinen Film: &#8222;Ich <a class=\"continue-reading-link\" href=\"https:\/\/www.filmring-linz.at\/?page_id=147\"> <span class=\"meta-nav\">&rarr; <\/span><\/a><\/p>\n","protected":false},"author":1,"featured_media":0,"parent":525,"menu_order":0,"comment_status":"closed","ping_status":"closed","template":"template-page-with-intro.php","meta":{"ngg_post_thumbnail":0,"footnotes":""},"class_list":["post-147","page","type-page","status-publish","hentry"],"_links":{"self":[{"href":"https:\/\/www.filmring-linz.at\/index.php?rest_route=\/wp\/v2\/pages\/147","targetHints":{"allow":["GET"]}}],"collection":[{"href":"https:\/\/www.filmring-linz.at\/index.php?rest_route=\/wp\/v2\/pages"}],"about":[{"href":"https:\/\/www.filmring-linz.at\/index.php?rest_route=\/wp\/v2\/types\/page"}],"author":[{"embeddable":true,"href":"https:\/\/www.filmring-linz.at\/index.php?rest_route=\/wp\/v2\/users\/1"}],"replies":[{"embeddable":true,"href":"https:\/\/www.filmring-linz.at\/index.php?rest_route=%2Fwp%2Fv2%2Fcomments&post=147"}],"version-history":[{"count":58,"href":"https:\/\/www.filmring-linz.at\/index.php?rest_route=\/wp\/v2\/pages\/147\/revisions"}],"predecessor-version":[{"id":528,"href":"https:\/\/www.filmring-linz.at\/index.php?rest_route=\/wp\/v2\/pages\/147\/revisions\/528"}],"up":[{"embeddable":true,"href":"https:\/\/www.filmring-linz.at\/index.php?rest_route=\/wp\/v2\/pages\/525"}],"wp:attachment":[{"href":"https:\/\/www.filmring-linz.at\/index.php?rest_route=%2Fwp%2Fv2%2Fmedia&parent=147"}],"curies":[{"name":"wp","href":"https:\/\/api.w.org\/{rel}","templated":true}]}}