{"id":1640,"date":"2018-08-21T19:53:19","date_gmt":"2018-08-21T17:53:19","guid":{"rendered":"http:\/\/www.filmring-linz.at\/?page_id=1640"},"modified":"2019-09-05T15:30:52","modified_gmt":"2019-09-05T13:30:52","slug":"the-party","status":"publish","type":"page","link":"https:\/\/www.filmring-linz.at\/?page_id=1640","title":{"rendered":"The Party"},"content":{"rendered":"<p><em><div class='content-column one_half'><\/em><\/p>\n<header>\n<hgroup>\n<h2>The Party<\/h2>\n<\/hgroup>\n<\/header>\n<p><strong>Mo, 11. \u2014 Sa, 16.02.2019 | 17:30 Uhr bzw. Sa 15:00 Uhr | City-Kino<\/strong><\/p>\n<p>UK 2017; Regie und Drehbuch: Sally Potter; Kamera: Alexei Rodionov; Schnitt: Aders Refn, Emilie Orsini; Darsteller: Kristin Scott Thomas, Timothy Spall, Patricia Clarkson, Cillian Murphy, Emily Mortimer, Bruno Ganz, Cherry Jones; L\u00e4nge: 71 Min.; OmdtU<\/p><\/div><\/p>\n<p><center><div class='content-column one_half last_column'>Trailer:<code><a id=\"69f6421d08a86\" rel=\"wp-video-lightbox\" href=\"https:\/\/www.youtube.com\/watch?v=https:\/\/youtu.be\/Wb4FF6lCqFw?rel=0&#038;width=640&#038;height=480\" title=\"\"><img decoding=\"async\" src=\"https:\/\/www.filmring-linz.at\/wordpress\/wp-content\/uploads\/2018\/08\/Die-Party.png\" class=\"video_lightbox_anchor_image\" alt=\"\" \/><\/a>    <script>\r\n    \/* <![CDATA[ *\/\r\n    jQuery(document).ready(function($){\r\n        $(function(){\r\n            var width = $(window).innerWidth();\r\n            var setwidth = parseFloat(640);\r\n            var ratio = parseFloat(0.75);\r\n            var height = parseFloat(480);\r\n            var link = 'https:\/\/www.youtube.com\/watch?v=https:\/\/youtu.be\/Wb4FF6lCqFw?rel=0&amp;width=640&amp;height=480';\r\n            if(width < setwidth)\r\n            {\r\n                height = Math.floor(width * 0.75);\r\n                \/\/console.log(\"device width \"+width+\", set width \"+640+\", ratio \"+0.75+\", new height \"+ height);\r\n                var new_url = wpvl_paramReplace('width', link, width);\r\n                var new_url = wpvl_paramReplace('height', new_url, height);\r\n                $(\"a#69f6421d08a86\").attr('href', new_url);\r\n                \/\/console.log(new_url);\r\n            }\r\n        });\r\n    });\r\n    \/* ]]> *\/\r\n    <\/script><\/code><\/center><\/div><div class='clear_column'><\/div><\/p>\n<hr \/>\n<p><strong>Inhalt:<\/strong><\/p>\n<hr \/>\n<div class='content-column one_fourth'><p><img loading=\"lazy\" decoding=\"async\" class=\"alignnone wp-image-1575 size-full\" title=\"@ Filmladen\" src=\"https:\/\/www.filmring-linz.at\/wordpress\/wp-content\/uploads\/2018\/08\/18_Die-Party.png\" alt=\"\" width=\"226\" height=\"150\" srcset=\"https:\/\/www.filmring-linz.at\/wordpress\/wp-content\/uploads\/2018\/08\/18_Die-Party.png 226w, https:\/\/www.filmring-linz.at\/wordpress\/wp-content\/uploads\/2018\/08\/18_Die-Party-150x100.png 150w\" sizes=\"auto, (max-width: 226px) 100vw, 226px\" \/><\/p><\/div><div class='content-column three_fourth last_column'><p>Politikerin Janet und ihr Ehemann laden zur Feier eines beruflichen Erfolgsmoments &#8211; die Dame des Hauses soll Gesundheitsministerin im neuen Kabinett werden &#8211; drei befreundete Paare in ihr Londoner Haus ein. Doch so nett wie geplant verl\u00e4uft der Abend nicht einmal im Ansatz. Die Feier nimmt immer chaotischere Z\u00fcge an, weil sich die G\u00e4ste nach und nach entschlie\u00dfen, just an diesem Abend lange sorgsam geh\u00fctete Geheimnisse zu offenbaren.<\/div><div class='clear_column'><\/div><\/p>\n<hr \/>\n<p><strong>Die Regisseurin:<\/strong><\/p>\n<hr \/>\n<p><div class='content-column one_fourth'><img loading=\"lazy\" decoding=\"async\" class=\"alignnone wp-image-1565 size-full\" title=\"\u00a9 Filmladen\" src=\"https:\/\/www.filmring-linz.at\/wordpress\/wp-content\/uploads\/2018\/08\/7_Die-Party.png\" alt=\"\" width=\"226\" height=\"150\" srcset=\"https:\/\/www.filmring-linz.at\/wordpress\/wp-content\/uploads\/2018\/08\/7_Die-Party.png 226w, https:\/\/www.filmring-linz.at\/wordpress\/wp-content\/uploads\/2018\/08\/7_Die-Party-150x100.png 150w\" sizes=\"auto, (max-width: 226px) 100vw, 226px\" \/><\/div><div class='content-column three_fourth last_column'><p>Sally Potter wird 1949 in London als Tochter einer Musiklehrerin und eines Innenarchitekten geboren. Bereits mit vierzehn Jahren beginnt sie mit Amateurfilmen im Format 8 mm auf einer geschenkten Kamera und verl\u00e4sst mit 16 Jahren endg\u00fcltig die Schule, um Filme zu drehen. Ihren Lebensunterhalt verdient sie sich mit Aushilfsjobs und Bildrecherchen f\u00fcr die BBC. Sie tritt der London Film-Makers Co-Op bei und erstellt experimentelle Kurzfilme. An der London School of Contemporary Dance trainiert sie als T\u00e4nzerin und Choreographin, schafft gleichzeitig Filme und Tanzauff\u00fchrungen und gr\u00fcndet zusammen mit Jacky Lansley die Limited Dance Company. Potter wird eine ausgezeichnete Performance-K\u00fcnstlerin und erfolgreiche Theaterregisseurin. Dar\u00fcber hinaus ist sie als Mitglied verschiedener Musikbands als Texterin und S\u00e4ngerin t\u00e4tig.<br \/>\nSeit dem Beginn der 1980-er Jahre widmet sie sich haupts\u00e4chlich ihrem \u00e4u\u00dferst vielschichtigen und abwechslungsreichen filmischen Werk, macht dabei aber immer wieder Abstecher zur Musik, wie etwa auch zur Oper, und zum Theater.<\/p>\n<hr \/>\n<p><strong>Hintergrund:<\/strong><\/p>\n<hr \/>\n<p>Die Dreharbeiten zum Film fanden ab 15. Juni 2016 in London statt. Die Namen der Schauspieler wurden erst zum Start der Dreharbeiten bekanntgegeben.<br \/>\nPotter bezeichnete den Film als Kom\u00f6die, auch wenn sich diese um einige tragische Elemente spinne, geschrieben \u201eim Bewusstsein f\u00fcr die Absurdit\u00e4t des menschlichen Leidens.\u201c<br \/>\n\u201eIch denke, alle von uns sind politisch, ob wir es glauben oder nicht. Es geht um die Ideale und \u00dcberzeugungen, die Menschen haben, oder denken, sie zu haben, die dann in einer Krisensituation herausgefordert werden.\u201c<br \/>\nDie Tatsache, dass die Dreharbeiten nur einige Tage vor dem Brexit-Referendum (23.6.2016) begonnen haben und dann nach dessen \u00fcberraschendem Ausgang zu Ende gef\u00fchrt wurden, hatte ohne Zweifel Auswirkungen auf Inhalt und Gestaltung des Kammerspiels.<\/p><\/div><div class='clear_column'><\/div><\/p>\n<hr \/>\n<p><strong>Kritikerstimmen:<\/strong><\/p>\n<hr \/>\n<div class='content-column one_fourth'><p><img loading=\"lazy\" decoding=\"async\" class=\"alignnone wp-image-1569 size-full\" title=\"@ Filmladen\" src=\"https:\/\/www.filmring-linz.at\/wordpress\/wp-content\/uploads\/2018\/08\/12_Die-Party.png\" alt=\"\" width=\"226\" height=\"150\" srcset=\"https:\/\/www.filmring-linz.at\/wordpress\/wp-content\/uploads\/2018\/08\/12_Die-Party.png 226w, https:\/\/www.filmring-linz.at\/wordpress\/wp-content\/uploads\/2018\/08\/12_Die-Party-150x100.png 150w\" sizes=\"auto, (max-width: 226px) 100vw, 226px\" \/><\/p><\/div><div class='content-column three_fourth last_column'><p style=\"text-align: left;\">Die Handlung spielt sich in Echtzeit ab und beschr\u00e4nkt sich auf eine Londoner Wohnung. Nach wenigen Minuten sind die Konflikte etabliert, und man kann den unterschiedlichen Figuren beim Kleinkrieg zusehen. In Hitchcock-Manier wird das Publikum mit immer wiederkehrenden Spannungsb\u00f6gen durch die absurde Kom\u00f6die gef\u00fchrt. Unterhaltung auf hohem Niveau!<\/p>\n<p><em>(\u00d6zgur Anil, film.at)<\/em><\/p>\n<p>Alle Darsteller waren auf Wunsch der Regisseurin beim Dreh immer gleichzeitig am Set. In dieser Enge wurde der Film dann mit Handkamera gedreht, und alles zusammen ergibt eine so klaustrophobische Zusammenballung von Energie und Komik, dass man als Zuschauer den politischen Gehalt fast vergessen k\u00f6nnte. Denn als Hintergrund gibt es nat\u00fcrlich einen schaurig dunklen Fond: Gro\u00dfbritannien an der Kante zum Brexit,&#8230;<\/p>\n<p><em>(Susanne Mayer, ZEIT online)<\/em><\/p><\/div><div class='clear_column'><\/div><\/p>\n<hr \/>\n<p><strong>Filmografie (Auszug):<\/strong><\/p>\n<hr \/>\n<div class='content-column one_fourth'><p><img loading=\"lazy\" decoding=\"async\" class=\"alignnone wp-image-1571 size-full\" title=\"@ Filmladen\" src=\"https:\/\/www.filmring-linz.at\/wordpress\/wp-content\/uploads\/2018\/08\/14_Die-Party.png\" alt=\"\" width=\"226\" height=\"150\" srcset=\"https:\/\/www.filmring-linz.at\/wordpress\/wp-content\/uploads\/2018\/08\/14_Die-Party.png 226w, https:\/\/www.filmring-linz.at\/wordpress\/wp-content\/uploads\/2018\/08\/14_Die-Party-150x100.png 150w\" sizes=\"auto, (max-width: 226px) 100vw, 226px\" \/><\/p><\/div><div class='content-column three_fourth last_column'><p>1979: Thriller (Kurzfilm)<br \/>\n1983: The Gold Diggers (erster Lang-Spielfilm)<br \/>\n1986: Tears, Laughter, Fears and Rage<br \/>\n1987: The London Story<br \/>\n1982: Orlando (nach dem Roman von Virginia Woolf)<br \/>\n1997: The Tango Lesson<br \/>\n2000: The Man Who Cried<br \/>\n2013: Ginger and Rosa<br \/>\n2017: The Party<br \/><\/div><div class='clear_column'><\/div><\/p>\n","protected":false},"excerpt":{"rendered":"<p>Inhalt: Die Regisseurin: Kritikerstimmen: Filmografie (Auszug):<\/p>\n","protected":false},"author":1,"featured_media":1609,"parent":1878,"menu_order":5,"comment_status":"closed","ping_status":"closed","template":"","meta":{"ngg_post_thumbnail":0,"footnotes":""},"class_list":["post-1640","page","type-page","status-publish","has-post-thumbnail","hentry"],"_links":{"self":[{"href":"https:\/\/www.filmring-linz.at\/index.php?rest_route=\/wp\/v2\/pages\/1640","targetHints":{"allow":["GET"]}}],"collection":[{"href":"https:\/\/www.filmring-linz.at\/index.php?rest_route=\/wp\/v2\/pages"}],"about":[{"href":"https:\/\/www.filmring-linz.at\/index.php?rest_route=\/wp\/v2\/types\/page"}],"author":[{"embeddable":true,"href":"https:\/\/www.filmring-linz.at\/index.php?rest_route=\/wp\/v2\/users\/1"}],"replies":[{"embeddable":true,"href":"https:\/\/www.filmring-linz.at\/index.php?rest_route=%2Fwp%2Fv2%2Fcomments&post=1640"}],"version-history":[{"count":3,"href":"https:\/\/www.filmring-linz.at\/index.php?rest_route=\/wp\/v2\/pages\/1640\/revisions"}],"predecessor-version":[{"id":1643,"href":"https:\/\/www.filmring-linz.at\/index.php?rest_route=\/wp\/v2\/pages\/1640\/revisions\/1643"}],"up":[{"embeddable":true,"href":"https:\/\/www.filmring-linz.at\/index.php?rest_route=\/wp\/v2\/pages\/1878"}],"wp:featuredmedia":[{"embeddable":true,"href":"https:\/\/www.filmring-linz.at\/index.php?rest_route=\/wp\/v2\/media\/1609"}],"wp:attachment":[{"href":"https:\/\/www.filmring-linz.at\/index.php?rest_route=%2Fwp%2Fv2%2Fmedia&parent=1640"}],"curies":[{"name":"wp","href":"https:\/\/api.w.org\/{rel}","templated":true}]}}