{"id":873,"date":"2015-07-24T13:04:47","date_gmt":"2015-07-24T11:04:47","guid":{"rendered":"http:\/\/www.filmring-linz.at\/?page_id=873"},"modified":"2016-09-01T12:38:51","modified_gmt":"2016-09-01T10:38:51","slug":"wild-tales","status":"publish","type":"page","link":"https:\/\/www.filmring-linz.at\/?page_id=873","title":{"rendered":"Wild Tales"},"content":{"rendered":"<p><em><div class='content-column one_half'><\/em><\/p>\n<header>\n<hgroup>\n<h2>Wild Tales<\/h2>\n<\/hgroup>\n<\/header>\n<p><strong>Mo, 19. \u2014 Sa, 24.10.2015 | 17:30 Uhr bzw. Sa 15:00 Uhr | City-Kino<\/strong><\/p>\n<p>Argentinien, Spanien 2014 Regie: Damian Szifron, Drehbuch: Damian Szifron, Kamera: Javier Julia, Schnitt: Pablo Barbieri Carrera, Damian Szifron, Musik: Gustavo Santaolalla, Darsteller: Dario Grandinetti, Julieta Zylberberg, Rita Cortese, Cesar Bordon, Leonardo Sbaraglia, Walter Donado, Ricardo Darin, Nancy Duplaa, Oscar Martinez, Maria Onetto, Erica Rivas, Diego Gentile; 122 Min. OmdUt<\/p>\n<p style=\"text-align: left;\"><\/div><\/p>\n<p><center><div class='content-column one_half last_column'>Trailer:<code><a id=\"69eb3ff7c36b5\" rel=\"wp-video-lightbox\" href=\"https:\/\/www.youtube.com\/watch?v=gWOJgkkQbOo?rel=0&#038;width=640&#038;height=480\" title=\"\"><img decoding=\"async\" src=\"https:\/\/www.filmring-linz.at\/wordpress\/wp-content\/uploads\/2015\/07\/Wild_Tales.png\" class=\"video_lightbox_anchor_image\" alt=\"\" \/><\/a>    <script>\r\n    \/* <![CDATA[ *\/\r\n    jQuery(document).ready(function($){\r\n        $(function(){\r\n            var width = $(window).innerWidth();\r\n            var setwidth = parseFloat(640);\r\n            var ratio = parseFloat(0.75);\r\n            var height = parseFloat(480);\r\n            var link = 'https:\/\/www.youtube.com\/watch?v=gWOJgkkQbOo?rel=0&amp;width=640&amp;height=480';\r\n            if(width < setwidth)\r\n            {\r\n                height = Math.floor(width * 0.75);\r\n                \/\/console.log(\"device width \"+width+\", set width \"+640+\", ratio \"+0.75+\", new height \"+ height);\r\n                var new_url = wpvl_paramReplace('width', link, width);\r\n                var new_url = wpvl_paramReplace('height', new_url, height);\r\n                $(\"a#69eb3ff7c36b5\").attr('href', new_url);\r\n                \/\/console.log(new_url);\r\n            }\r\n        });\r\n    });\r\n    \/* ]]> *\/\r\n    <\/script><\/code><\/div><div class='clear_column'><\/div><\/center><\/p>\n<hr \/>\n<p><strong>Inhalt:<\/strong><\/p>\n<hr \/>\n<div class='content-column one_fourth'><p><img loading=\"lazy\" decoding=\"async\" class=\"alignnone wp-image-855 size-full\" src=\"https:\/\/www.filmring-linz.at\/wordpress\/wp-content\/uploads\/2015\/07\/5_Wild_tales.png\" alt=\"\u00a9 Thimfilm\" width=\"226\" height=\"150\" srcset=\"https:\/\/www.filmring-linz.at\/wordpress\/wp-content\/uploads\/2015\/07\/5_Wild_tales.png 226w, https:\/\/www.filmring-linz.at\/wordpress\/wp-content\/uploads\/2015\/07\/5_Wild_tales-150x100.png 150w\" sizes=\"auto, (max-width: 226px) 100vw, 226px\" \/><\/p><\/div><div class='content-column three_fourth last_column'><p>Die sechs voneinander unabh\u00e4ngigen Episoden besch\u00e4ftigen sich allesamt mit den Themen Rache und Vergeltung. Rache ist s\u00fc\u00df, hei\u00dft es, aber in der argentinischen Wutb\u00fcrger-Eskalation ist Rache t\u00f6dliches Elixier. Hier bedeutet Rache Flugzeugabsturz, Autoexplosion oder Tod durch Rattengift. Harmlose \u00dcberholman\u00f6ver auf der einsamen Landstra\u00dfe steigern sich zu t\u00f6dlichen Duellen, falsche Strafzettel k\u00f6nnen Berge der Wut versetzen, eine heimliche Aff\u00e4re verwandelt ein Hochzeitsfest in eine Eifersuchtsh\u00f6lle. Der erfolgreichste argentinische Film der letzten Jahre braucht einen Vergleich mit amerikanischen Produktionen a la Tarantino oder Coen-Br\u00fcder wahrlich nicht zu scheuen. Wo b\u00fcrokratische Systeme zulasten des B\u00fcrgers entgleisen, wo die korrupte Staatsmacht in den Dienst der ohnehin schon Privilegierten tritt, schl\u00e4gt die Stunde jener, die sich das eben nicht mehr so einfach gefallen lassen\u2026<\/p><\/div><div class='clear_column'><\/div><\/p>\n<hr \/>\n<p><strong>Der Regisseur\/Produktionsnotizen:<\/strong><\/p>\n<hr \/>\n<p><div class='content-column one_fourth'><img loading=\"lazy\" decoding=\"async\" class=\"alignnone wp-image-851 size-full\" src=\"https:\/\/www.filmring-linz.at\/wordpress\/wp-content\/uploads\/2015\/07\/1_Wild_tales.png\" alt=\"\u00a9 Thimfilm\" width=\"226\" height=\"150\" srcset=\"https:\/\/www.filmring-linz.at\/wordpress\/wp-content\/uploads\/2015\/07\/1_Wild_tales.png 226w, https:\/\/www.filmring-linz.at\/wordpress\/wp-content\/uploads\/2015\/07\/1_Wild_tales-150x100.png 150w\" sizes=\"auto, (max-width: 226px) 100vw, 226px\" \/><\/div><div class='content-column three_fourth last_column'><p>Damian Szifron (geboren am 9. Juli 1975 in der Provinz Buenos Aires) ist ein argentinischer Film \u2013 und Fernsehregisseur sowie Drehbuchautor. Durch den filmverr\u00fcckten Vater kommt er schon sehr fr\u00fch mit dem Medium Film in Ber\u00fchrung und lernt von diesem die Begeisterung daf\u00fcr. Er besucht eine Filmhochschule, dreht zun\u00e4chst Kurzfilme und versucht sich als Drehbuchschreiber. Er kreiert die popul\u00e4re argentinische Fernsehserie Los Simuladores, deren Charakteren er Namen aus seiner eigenen Kindheit und Jugend gibt. Die Serie macht ihn in Argentinien zum bekannten Mann, es folgen seine ersten \u2013 durchaus erfolgreichen \u2013 eigenen Spielfilme. Nach einer weiteren Staffel der Erfolgsserie und einer neuen Serie f\u00fcr das Fernsehen mit dem Titel Hermanos y detectives ist der Zeitpunkt f\u00fcr seinen Durchbruch au\u00dferhalb Argentiniens gekommen: Der Episodenfilm Wild Tales schl\u00e4gt zun\u00e4chst in seiner Heimat viele Kassenrekorde, begeistert bei den Filmfestspielen in Cannes und wird, sozusagen als H\u00f6hepunkt, f\u00fcr den Oscar in der Kategorie f\u00fcr den besten fremdsprachigen Film nominiert.<\/p><\/div><div class='clear_column'><\/div><\/p>\n<hr \/>\n<p><strong>Kritikerstimmen:<\/strong><\/p>\n<hr \/>\n<div class='content-column one_fourth'><p><img loading=\"lazy\" decoding=\"async\" class=\"alignnone wp-image-852 size-full\" src=\"https:\/\/www.filmring-linz.at\/wordpress\/wp-content\/uploads\/2015\/07\/2_Wild_tales.png\" alt=\"\u00a9 Thimfilm\" width=\"226\" height=\"150\" srcset=\"https:\/\/www.filmring-linz.at\/wordpress\/wp-content\/uploads\/2015\/07\/2_Wild_tales.png 226w, https:\/\/www.filmring-linz.at\/wordpress\/wp-content\/uploads\/2015\/07\/2_Wild_tales-150x100.png 150w\" sizes=\"auto, (max-width: 226px) 100vw, 226px\" \/><\/p><\/div><div class='content-column three_fourth last_column'><p>Es ist verf\u00fchrerisch, diese wilden Erz\u00e4hlungen hochzurechnen auf eine Bestandsaufnahme des heutigen Argentinien. Episodenfilme erwecken ja gern den Eindruck des Panoramablicks. Gewiss wird nicht jede Alltagsbegegnung dort gleich in Mord und Totschlag enden. Aber Dami\u00e1n Szifr\u00f3n sammelt genug Indizien, damit der Zuschauer zum Urteil gelangt, diese Gesellschaft sei m\u00e4chtig aus den Fugen geraten. Mit tiefschwarzen Pointen deutet die Inszenierung das gegenw\u00e4rtige Argentinien als gespaltenes Land, in dem einige wenige Privilegierte dem gro\u00dfen Rest gegen\u00fcberstehen, Korruption und Willk\u00fcr den Alltag bestimmen und ein aggressiver Umgang untereinander herrscht. Damit folgt der Regisseur einem argentinischen Kinotrend der letzten Jahre, parabelhaft von Missst\u00e4nden zu erz\u00e4hlen. Javier Julias Kamera schaut zuweilen mit anthropologischer Neugier auf dieses Welttheater der Niedertracht. Sie w\u00e4hlt dazu verstiegene Perspektiven, blickt aus dem Gep\u00e4ckfach einer Flugzeugkabine, aus einer sich \u00f6ffnenden Garagent\u00fcr. In der Hochzeitsepisode entlarvt der Blick auf Spiegel eine Vielzahl von Lebensl\u00fcgen.<br \/>\n<em>(Gerhard Midding, epd Film)<\/em><\/p>\n<p>Das ist intellektuelles Unterhaltungskino, das mit den Affekten spielt, denn es gibt in den \u201eWild Tales\u201c ja noch einen Faktor, mit dem Szifr\u00f3n besonders virtuos spielt: das Erregungspotential des Publikums, das er immer wieder an den Punkt f\u00fchrt, an dem nicht mehr klar ist, ob man nun besser lachen oder weinen oder laut schreien soll. Oder doch den Feuerl\u00f6scher holen und die eine oder andere Figur aus dem Bild pusten? Bewahre uns das Kino vor unseren wilden Phantasien! \u2026\u2026es handelt sich um Geschichten, wie man sie sich im Aufzug erz\u00e4hlen k\u00f6nnte, beim Warten auf die U-Bahn, abends beim Essen, wenn der Tag gelaufen ist und man sich in Sicherheit wiegen kann und wenn man sich wohlig mit dem Gedanken besch\u00e4ftigt, was alles schiefgehen kann im zivilisierten Zusammenleben. Die \u201ewilden Erz\u00e4hlungen\u201c ziehen den Gehalt moralischer Fabeln ins Absurde, indem sie an dem Punkt, an dem wir eine Lehre ziehen k\u00f6nnten, nicht haltmachen, sondern noch ein bisschen weiter gehen.<br \/>\n<em>(Bert Rebhandl, FAZ)<\/em><\/p><\/div><div class='clear_column'><\/div><\/p>\n<hr \/>\n<p><strong>Auszeichnungen:<\/strong><\/p>\n<hr \/>\n<div class='content-column one_fourth'><p><img loading=\"lazy\" decoding=\"async\" class=\"alignnone wp-image-854 size-full\" src=\"https:\/\/www.filmring-linz.at\/wordpress\/wp-content\/uploads\/2015\/07\/4_Wild_tales.png\" alt=\"\u00a9 Thimfilm\" width=\"226\" height=\"150\" srcset=\"https:\/\/www.filmring-linz.at\/wordpress\/wp-content\/uploads\/2015\/07\/4_Wild_tales.png 226w, https:\/\/www.filmring-linz.at\/wordpress\/wp-content\/uploads\/2015\/07\/4_Wild_tales-150x100.png 150w\" sizes=\"auto, (max-width: 226px) 100vw, 226px\" \/><\/p><\/div><div class='content-column three_fourth last_column'><p><em>Oscar 2014<\/em> : Nominierung als bester fremdsprachiger Film<br \/>\n<em>Biarritz 2014<\/em> : Publikumspreis, Beste Darstellerin Erica Rivas<br \/>\n<em>San Sebastian 2014<\/em> : Publikumspreis<br \/>\n<em>Cannes 2014<\/em> : Nominierung Goldene Palme<\/p><\/div><div class='clear_column'><\/div><\/p>\n","protected":false},"excerpt":{"rendered":"<p>Inhalt: Der Regisseur\/Produktionsnotizen: Kritikerstimmen: Auszeichnungen:<\/p>\n","protected":false},"author":1,"featured_media":0,"parent":1212,"menu_order":0,"comment_status":"closed","ping_status":"closed","template":"","meta":{"ngg_post_thumbnail":0,"footnotes":""},"class_list":["post-873","page","type-page","status-publish","hentry"],"_links":{"self":[{"href":"https:\/\/www.filmring-linz.at\/index.php?rest_route=\/wp\/v2\/pages\/873","targetHints":{"allow":["GET"]}}],"collection":[{"href":"https:\/\/www.filmring-linz.at\/index.php?rest_route=\/wp\/v2\/pages"}],"about":[{"href":"https:\/\/www.filmring-linz.at\/index.php?rest_route=\/wp\/v2\/types\/page"}],"author":[{"embeddable":true,"href":"https:\/\/www.filmring-linz.at\/index.php?rest_route=\/wp\/v2\/users\/1"}],"replies":[{"embeddable":true,"href":"https:\/\/www.filmring-linz.at\/index.php?rest_route=%2Fwp%2Fv2%2Fcomments&post=873"}],"version-history":[{"count":12,"href":"https:\/\/www.filmring-linz.at\/index.php?rest_route=\/wp\/v2\/pages\/873\/revisions"}],"predecessor-version":[{"id":966,"href":"https:\/\/www.filmring-linz.at\/index.php?rest_route=\/wp\/v2\/pages\/873\/revisions\/966"}],"up":[{"embeddable":true,"href":"https:\/\/www.filmring-linz.at\/index.php?rest_route=\/wp\/v2\/pages\/1212"}],"wp:attachment":[{"href":"https:\/\/www.filmring-linz.at\/index.php?rest_route=%2Fwp%2Fv2%2Fmedia&parent=873"}],"curies":[{"name":"wp","href":"https:\/\/api.w.org\/{rel}","templated":true}]}}